{"id":854,"date":"2021-05-13T16:14:33","date_gmt":"2021-05-13T14:14:33","guid":{"rendered":"https:\/\/www.reinhold-friedrich.de\/start\/"},"modified":"2026-03-10T15:03:12","modified_gmt":"2026-03-10T14:03:12","slug":"start","status":"publish","type":"page","link":"https:\/\/www.reinhold-friedrich.de\/en\/","title":{"rendered":"Welcome"},"content":{"rendered":"[vc_row full_width=&#8221;stretch_row&#8221;][vc_column]<section class=\"kenburns cover  image-slider slider-arrow-controls controls-inside\" style=\"height: 56vw;\"><ul class=\"slides\"><li class=\"overlay image-bg\" style=\"height: 56vw;\"><div class=\"background-image-holder\"><img loading=\"lazy\" decoding=\"async\" width=\"2560\" height=\"1440\" src=\"https:\/\/www.reinhold-friedrich.de\/wp-content\/uploads\/2021\/06\/reinhold2-titel2.jpg\" class=\"background-image\" alt=\"\" srcset=\"https:\/\/www.reinhold-friedrich.de\/wp-content\/uploads\/2021\/06\/reinhold2-titel2.jpg 2560w, https:\/\/www.reinhold-friedrich.de\/wp-content\/uploads\/2021\/06\/reinhold2-titel2-300x169.jpg 300w, https:\/\/www.reinhold-friedrich.de\/wp-content\/uploads\/2021\/06\/reinhold2-titel2-1024x576.jpg 1024w, https:\/\/www.reinhold-friedrich.de\/wp-content\/uploads\/2021\/06\/reinhold2-titel2-768x432.jpg 768w, https:\/\/www.reinhold-friedrich.de\/wp-content\/uploads\/2021\/06\/reinhold2-titel2-1536x864.jpg 1536w, https:\/\/www.reinhold-friedrich.de\/wp-content\/uploads\/2021\/06\/reinhold2-titel2-2048x1152.jpg 2048w\" sizes=\"auto, (max-width: 2560px) 100vw, 2560px\" \/><\/div>\t\n\t\t    <div class=\"container v-align-transform\">\n\t\t        <div class=\"row\">\n\t\t            <div class=\"col-md-12 col-sm-12\">\n\t\t                <p class=\"lead\" style=\"text-align: left;\">Reinhold Friedrich<\/p>\n<h1 style=\"text-align: left;\">is one of the most renowned<br \/>\ntrumpeters of this time<\/h1>\n\n\t\t            <\/div>\n\t\t        <\/div>\n\t\t    <\/div>\n\t\t<\/li><li class=\"overlay image-bg\" style=\"height: 56vw;\"><div class=\"background-image-holder\"><img loading=\"lazy\" decoding=\"async\" width=\"2560\" height=\"1440\" src=\"https:\/\/www.reinhold-friedrich.de\/wp-content\/uploads\/2021\/06\/reinhold3-titel.jpg\" class=\"background-image\" alt=\"\" srcset=\"https:\/\/www.reinhold-friedrich.de\/wp-content\/uploads\/2021\/06\/reinhold3-titel.jpg 2560w, https:\/\/www.reinhold-friedrich.de\/wp-content\/uploads\/2021\/06\/reinhold3-titel-300x169.jpg 300w, https:\/\/www.reinhold-friedrich.de\/wp-content\/uploads\/2021\/06\/reinhold3-titel-1024x576.jpg 1024w, https:\/\/www.reinhold-friedrich.de\/wp-content\/uploads\/2021\/06\/reinhold3-titel-768x432.jpg 768w, https:\/\/www.reinhold-friedrich.de\/wp-content\/uploads\/2021\/06\/reinhold3-titel-1536x864.jpg 1536w, https:\/\/www.reinhold-friedrich.de\/wp-content\/uploads\/2021\/06\/reinhold3-titel-2048x1152.jpg 2048w\" sizes=\"auto, (max-width: 2560px) 100vw, 2560px\" \/><\/div>\t\n\t\t    <div class=\"container v-align-transform\">\n\t\t        <div class=\"row\">\n\t\t            <div class=\"col-md-12 col-sm-12\">\n\t\t                <p class=\"lead\" style=\"text-align: left;\">Reinhold Friedrich<\/p>\n<h1 style=\"text-align: left;\">plays the shofar,<br \/>\nthe curved<br \/>\nram&#8217;s horn<\/h1>\n\n\t\t            <\/div>\n\t\t        <\/div>\n\t\t    <\/div>\n\t\t<\/li><li class=\"overlay image-bg\" style=\"height: 56vw;\"><div class=\"background-image-holder\"><img loading=\"lazy\" decoding=\"async\" width=\"1920\" height=\"1080\" src=\"https:\/\/www.reinhold-friedrich.de\/wp-content\/uploads\/2021\/05\/rf-titel.jpg\" class=\"background-image\" alt=\"\" srcset=\"https:\/\/www.reinhold-friedrich.de\/wp-content\/uploads\/2021\/05\/rf-titel.jpg 1920w, https:\/\/www.reinhold-friedrich.de\/wp-content\/uploads\/2021\/05\/rf-titel-300x169.jpg 300w, https:\/\/www.reinhold-friedrich.de\/wp-content\/uploads\/2021\/05\/rf-titel-1024x576.jpg 1024w, https:\/\/www.reinhold-friedrich.de\/wp-content\/uploads\/2021\/05\/rf-titel-768x432.jpg 768w, https:\/\/www.reinhold-friedrich.de\/wp-content\/uploads\/2021\/05\/rf-titel-1536x864.jpg 1536w\" sizes=\"auto, (max-width: 1920px) 100vw, 1920px\" \/><\/div>\t\n\t\t    <div class=\"container v-align-transform\">\n\t\t        <div class=\"row\">\n\t\t            <div class=\"col-md-12 col-sm-12\">\n\t\t                <p class=\"lead\" style=\"text-align: right;\">Reinhold Friedrich&#8217;s<\/p>\n<h1 style=\"text-align: right;\">intonation on<br \/>\nthe trumpet<br \/>\nis magical<\/h1>\n\n\t\t            <\/div>\n\t\t        <\/div>\n\t\t    <\/div>\n\t\t<\/li><\/ul><\/section>[\/vc_column][\/vc_row][vc_row foundry_padding=&#8221;pt64 pb64&#8243; css=&#8221;.vc_custom_1622567631262{border-bottom-width: 1px !important;background-image: url(https:\/\/www.reinhold-friedrich.de\/wp-content\/uploads\/2021\/06\/trompete-bg-2.jpg?id=240) !important;border-bottom-color: #453525 !important;border-bottom-style: solid !important;}&#8221;][vc_column width=&#8221;1\/3&#8243;][vc_column_text]<a href=\"\/adios-good-bye\/\"><img loading=\"lazy\" decoding=\"async\" class=\"alignnone size-full wp-image-1816\" src=\"https:\/\/www.reinhold-friedrich.de\/wp-content\/uploads\/2026\/03\/Adios.png\" alt=\"\" width=\"640\" height=\"640\" srcset=\"https:\/\/www.reinhold-friedrich.de\/wp-content\/uploads\/2026\/03\/Adios.png 640w, https:\/\/www.reinhold-friedrich.de\/wp-content\/uploads\/2026\/03\/Adios-300x300.png 300w, https:\/\/www.reinhold-friedrich.de\/wp-content\/uploads\/2026\/03\/Adios-150x150.png 150w, https:\/\/www.reinhold-friedrich.de\/wp-content\/uploads\/2026\/03\/Adios-60x60.png 60w, https:\/\/www.reinhold-friedrich.de\/wp-content\/uploads\/2026\/03\/Adios-500x500.png 500w\" sizes=\"auto, (max-width: 640px) 100vw, 640px\" \/><\/a>[\/vc_column_text][\/vc_column][vc_column width=&#8221;1\/6&#8243;][\/vc_column][vc_column width=&#8221;1\/2&#8243;][vc_column_text]\n<p style=\"margin-bottom: 0;\"><em style=\"font-size: 1.33em;\">Reinhold Friedrich is undoubtedly one of those artists who can play whatever they want: It is always fantastic; music refined to the highest degree.<\/em><\/p>\n<p style=\"text-align: right;\">Jesko Schulze-Reimpel<\/p>\n<p style=\"margin-bottom: 0;\"><em style=\"font-size: 1.33em;\">Reinhold Friedrich, who plays seven different trumpets, flugelhorn, antelope horn as shofar, presents himself as a great master, nothing less than a trumpet god!<\/em><\/p>\n<p style=\"text-align: right; margin-bottom: 0;\">Jascha Nemtsov<\/p>\n[\/vc_column_text][\/vc_column][\/vc_row][vc_row foundry_padding=&#8221;pt64 pb64&#8243; css=&#8221;.vc_custom_1630336863586{border-bottom-width: 1px !important;border-bottom-color: #5d3f2b !important;border-bottom-style: solid !important;}&#8221;][vc_column width=&#8221;1\/2&#8243;][vc_column_text]\n<h2>The Musician<\/h2>\n<p>For Reinhold Friedrich, early music and new music belong together \u2013 without contradicting each other. He has performed on period instruments with Capriccio Basel, the Orchestre des Champs-\u00c9lys\u00e9es and the Vienna Academy. Equally, he has premiered many contemporary works by Wolfgang Rihm, Sir Peter Maxwell Davies, Carola Bauckholt, Hans Werner Henze, Adriana H\u00f6lszky, Nicolaus A. Huber, Rebecca Saunders and Caspar Johannes Walter.[\/vc_column_text][vc_btn title=&#8221;About Reinhold Friedrich&#8221; style=&#8221;outline&#8221; shape=&#8221;square&#8221; color=&#8221;warning&#8221; link=&#8221;url:https%3A%2F%2Fwww.reinhold-friedrich.de%2Fen%2Fmusician%2F|title:The%20Musician&#8221;][\/vc_column][vc_column width=&#8221;1\/2&#8243;][vc_single_image image=&#8221;729&#8243; img_size=&#8221;large&#8221; alignment=&#8221;center&#8221; onclick=&#8221;custom_link&#8221; link=&#8221;http:\/\/friedrich.gridhome.ath.cx\/der-musiker\/&#8221;][\/vc_column][\/vc_row][vc_row foundry_padding=&#8221;pt64 pb64&#8243;][vc_column width=&#8221;1\/2&#8243;][vc_single_image image=&#8221;746&#8243; img_size=&#8221;large&#8221; onclick=&#8221;custom_link&#8221; link=&#8221;https:\/\/www.reinhold-friedrich.de\/der-dozent\/&#8221;][\/vc_column][vc_column width=&#8221;1\/2&#8243;][vc_column_text]\n<h2>The Lecturer<\/h2>\n<p>Reinhold Friedrich is Professor of Trumpet at Musikhochschule Karlsruhe, a sought-after lecturer for master classes worldwide and an honorary professor at the Royal Academy of Music in London, at the Sibelius Academy in Helsinki, in Hiroshima\/Japan and at the Escuela Superior de Musica REINA SOFIA in Madrid, the only private college offering a chamber music class for wind instruments.<br \/>\nFriedrich\u2019s former students have won awards at important international competitions and hold leading positions with major orchestras. A growing number of them already hold professorships.[\/vc_column_text][vc_btn title=&#8221;Reinhold Friedrich as Lecturer&#8221; style=&#8221;outline&#8221; shape=&#8221;square&#8221; color=&#8221;warning&#8221; link=&#8221;url:https%3A%2F%2Fwww.reinhold-friedrich.de%2Fen%2Flecturer%2F|title:The%20Lecturer&#8221;][\/vc_column][\/vc_row][vc_row foundry_padding=&#8221;pt64 pb64&#8243; css=&#8221;.vc_custom_1630336384304{background-color: #291c13 !important;}&#8221;][vc_column][vc_column_text css=&#8221;.vc_custom_1638307699351{padding-bottom: 10px !important;}&#8221;]\n<h2 style=\"text-align: center;\">Discography<\/h2>\n[\/vc_column_text]\t\n\t\t\t\n\t\t<section class=\"projects\">\n\t\t    <div class=\"container\">\n\t\t    \n\t\t    \t<div class=\"row masonry-loader\">\n    <div class=\"col-sm-12 text-center\">\n        <div class=\"spinner\"><\/div>\n    <\/div>\n<\/div>\t\t        \n\t\t        <div class=\"row masonry masonryFlyIn\">\n\t\t\t        <div class=\"col-md-4 col-sm-6 masonry-item project\" data-filter=\"CDs,Neuheiten\">\n    <div class=\"image-tile inner-title hover-reveal text-center\">\n        <a href=\"https:\/\/www.reinhold-friedrich.de\/en\/diskografie\/sonatea-e-variacie\/\">\n            <img loading=\"lazy\" decoding=\"async\" width=\"800\" height=\"800\" src=\"https:\/\/www.reinhold-friedrich.de\/wp-content\/uploads\/2025\/05\/sonatae-e-variacie.jpg\" class=\"attachment-full size-full wp-post-image\" alt=\"\" srcset=\"https:\/\/www.reinhold-friedrich.de\/wp-content\/uploads\/2025\/05\/sonatae-e-variacie.jpg 800w, https:\/\/www.reinhold-friedrich.de\/wp-content\/uploads\/2025\/05\/sonatae-e-variacie-300x300.jpg 300w, https:\/\/www.reinhold-friedrich.de\/wp-content\/uploads\/2025\/05\/sonatae-e-variacie-150x150.jpg 150w, https:\/\/www.reinhold-friedrich.de\/wp-content\/uploads\/2025\/05\/sonatae-e-variacie-768x768.jpg 768w, https:\/\/www.reinhold-friedrich.de\/wp-content\/uploads\/2025\/05\/sonatae-e-variacie-60x60.jpg 60w, https:\/\/www.reinhold-friedrich.de\/wp-content\/uploads\/2025\/05\/sonatae-e-variacie-500x500.jpg 500w\" sizes=\"auto, (max-width: 800px) 100vw, 800px\" \/>            <div class=\"title\">\n                <h5 class=\"uppercase mb0\">SONATEA E VARIACIE<\/h5><span>CDs \/ Neuheiten<\/span>            <\/div>\n        <\/a>\n    <\/div>\n<\/div><div class=\"col-md-4 col-sm-6 masonry-item project\" data-filter=\"CDs,Neuheiten\">\n    <div class=\"image-tile inner-title hover-reveal text-center\">\n        <a href=\"https:\/\/www.reinhold-friedrich.de\/en\/diskografie\/unity\/\">\n            <img loading=\"lazy\" decoding=\"async\" width=\"800\" height=\"800\" src=\"https:\/\/www.reinhold-friedrich.de\/wp-content\/uploads\/2024\/01\/SM438_CD_Friedrich-Brass-Quintett.jpg\" class=\"attachment-full size-full wp-post-image\" alt=\"\" srcset=\"https:\/\/www.reinhold-friedrich.de\/wp-content\/uploads\/2024\/01\/SM438_CD_Friedrich-Brass-Quintett.jpg 800w, https:\/\/www.reinhold-friedrich.de\/wp-content\/uploads\/2024\/01\/SM438_CD_Friedrich-Brass-Quintett-300x300.jpg 300w, https:\/\/www.reinhold-friedrich.de\/wp-content\/uploads\/2024\/01\/SM438_CD_Friedrich-Brass-Quintett-150x150.jpg 150w, https:\/\/www.reinhold-friedrich.de\/wp-content\/uploads\/2024\/01\/SM438_CD_Friedrich-Brass-Quintett-768x768.jpg 768w, https:\/\/www.reinhold-friedrich.de\/wp-content\/uploads\/2024\/01\/SM438_CD_Friedrich-Brass-Quintett-60x60.jpg 60w, https:\/\/www.reinhold-friedrich.de\/wp-content\/uploads\/2024\/01\/SM438_CD_Friedrich-Brass-Quintett-500x500.jpg 500w\" sizes=\"auto, (max-width: 800px) 100vw, 800px\" \/>            <div class=\"title\">\n                <h5 class=\"uppercase mb0\">Unity &#8211; Reinhold Friedrich Brass Quintett<\/h5><span>CDs \/ Neuheiten<\/span>            <\/div>\n        <\/a>\n    <\/div>\n<\/div><div class=\"col-md-4 col-sm-6 masonry-item project\" data-filter=\"CDs,Neuheiten\">\n    <div class=\"image-tile inner-title hover-reveal text-center\">\n        <a href=\"https:\/\/www.reinhold-friedrich.de\/en\/diskografie\/oh-mensch-gib-acht\/\">\n            <img loading=\"lazy\" decoding=\"async\" width=\"512\" height=\"512\" src=\"https:\/\/www.reinhold-friedrich.de\/wp-content\/uploads\/2023\/11\/OhMenschgibacht.jpg\" class=\"attachment-full size-full wp-post-image\" alt=\"\" srcset=\"https:\/\/www.reinhold-friedrich.de\/wp-content\/uploads\/2023\/11\/OhMenschgibacht.jpg 512w, https:\/\/www.reinhold-friedrich.de\/wp-content\/uploads\/2023\/11\/OhMenschgibacht-300x300.jpg 300w, https:\/\/www.reinhold-friedrich.de\/wp-content\/uploads\/2023\/11\/OhMenschgibacht-150x150.jpg 150w, https:\/\/www.reinhold-friedrich.de\/wp-content\/uploads\/2023\/11\/OhMenschgibacht-60x60.jpg 60w, https:\/\/www.reinhold-friedrich.de\/wp-content\/uploads\/2023\/11\/OhMenschgibacht-500x500.jpg 500w\" sizes=\"auto, (max-width: 512px) 100vw, 512px\" \/>            <div class=\"title\">\n                <h5 class=\"uppercase mb0\">Oh Mensch! Gib acht!<\/h5><span>CDs \/ Neuheiten<\/span>            <\/div>\n        <\/a>\n    <\/div>\n<\/div>\t\t        <\/div>\n\t\t        \n\t\t    <\/div>\n\t\t<\/section>\n\t\t\n\t\t\t\t\n[vc_btn title=&#8221;READ MORE&#8221; style=&#8221;outline&#8221; shape=&#8221;square&#8221; color=&#8221;warning&#8221; align=&#8221;center&#8221; link=&#8221;url:%2Fdiskografie%2F&#8221;][\/vc_column][\/vc_row][vc_row][vc_column][vc_column_text]\n<h2 style=\"text-align: center;\">News<\/h2>\n[\/vc_column_text]\t\n\t\t\t    \n\t\t<div class=\"row masonry-loader\">\n    <div class=\"col-sm-12 text-center\">\n        <div class=\"spinner\"><\/div>\n    <\/div>\n<\/div>\t\t\n\t\t<div class=\"row masonry masonryFlyIn mb40\">\n\t\t    \n<div class=\"col-sm-4 post-snippet masonry-item\">\n\n    <a href=\"https:\/\/www.reinhold-friedrich.de\/en\/adios-good-bye\/\">\n    <img loading=\"lazy\" decoding=\"async\" width=\"1024\" height=\"614\" src=\"https:\/\/www.reinhold-friedrich.de\/wp-content\/uploads\/2026\/03\/adios-goodbye-1024x614.jpg\" class=\"mb24 wp-post-image\" alt=\"\" srcset=\"https:\/\/www.reinhold-friedrich.de\/wp-content\/uploads\/2026\/03\/adios-goodbye-1024x614.jpg 1024w, https:\/\/www.reinhold-friedrich.de\/wp-content\/uploads\/2026\/03\/adios-goodbye-300x180.jpg 300w, https:\/\/www.reinhold-friedrich.de\/wp-content\/uploads\/2026\/03\/adios-goodbye-768x461.jpg 768w, https:\/\/www.reinhold-friedrich.de\/wp-content\/uploads\/2026\/03\/adios-goodbye.jpg 1280w\" sizes=\"auto, (max-width: 1024px) 100vw, 1024px\" \/><\/a>    \n    \t    <div class=\"inner\">\n\t    \n\t        <a href=\"https:\/\/www.reinhold-friedrich.de\/en\/adios-good-bye\/\">\n\t            <h5 class=\"mb0\">Adios * good bye * arrivederci * au revoir * sayonara<\/h5><span class=\"inline-block mb16\">9. March 2026<\/span>\t        <\/a>\n\t        \n\t        <hr>\n\t        \n\t        <p>After 37 years as a professor at the University of Music in Karlsruhe, Reinhold Friedrich will be stepping down. To mark&#8230;<\/p>\n\t        \n\t        <a class=\"btn btn-sm\" href=\"https:\/\/www.reinhold-friedrich.de\/en\/adios-good-bye\/\">Read More<\/a>\n\t        \n\t        \t        \n\t    <\/div>\n\t    \n<\/div>\n<div class=\"col-sm-4 post-snippet masonry-item\">\n\n    <a href=\"https:\/\/www.reinhold-friedrich.de\/en\/hayato-kodama-das-wunder-von-japan\/\">\n    <img loading=\"lazy\" decoding=\"async\" width=\"420\" height=\"595\" src=\"https:\/\/www.reinhold-friedrich.de\/wp-content\/uploads\/2026\/01\/Flyer_Hayato_VS.jpg\" class=\"mb24 wp-post-image\" alt=\"\" srcset=\"https:\/\/www.reinhold-friedrich.de\/wp-content\/uploads\/2026\/01\/Flyer_Hayato_VS.jpg 420w, https:\/\/www.reinhold-friedrich.de\/wp-content\/uploads\/2026\/01\/Flyer_Hayato_VS-212x300.jpg 212w\" sizes=\"auto, (max-width: 420px) 100vw, 420px\" \/><\/a>    \n    \t    <div class=\"inner\">\n\t    \n\t        <a href=\"https:\/\/www.reinhold-friedrich.de\/en\/hayato-kodama-das-wunder-von-japan\/\">\n\t            <h5 class=\"mb0\">Hayato Kodama &#8211; das Wunder von Japan<\/h5><span class=\"inline-block mb16\">16. January 2026<\/span>\t        <\/a>\n\t        \n\t        <hr>\n\t        \n\t        <p>Der 16-j\u00e4hrige Student\u00a0Hayato Kodama\u00a0von Prof. Reinhold Friedrich, gilt auch als Trompeten-Wunder aus Japan, \u00a0 verzaubert immer wieder sein Publikum durch eine&#8230;<\/p>\n\t        \n\t        <a class=\"btn btn-sm\" href=\"https:\/\/www.reinhold-friedrich.de\/en\/hayato-kodama-das-wunder-von-japan\/\">Read More<\/a>\n\t        \n\t        \t        \n\t    <\/div>\n\t    \n<\/div>\n<div class=\"col-sm-4 post-snippet masonry-item\">\n\n    <a href=\"https:\/\/www.reinhold-friedrich.de\/en\/die-geschichte-vom-soldaten\/\">\n    <img loading=\"lazy\" decoding=\"async\" width=\"768\" height=\"432\" src=\"https:\/\/www.reinhold-friedrich.de\/wp-content\/uploads\/2025\/08\/geschichte-vom-soldaten_thumb.jpg\" class=\"mb24 wp-post-image\" alt=\"\" srcset=\"https:\/\/www.reinhold-friedrich.de\/wp-content\/uploads\/2025\/08\/geschichte-vom-soldaten_thumb.jpg 768w, https:\/\/www.reinhold-friedrich.de\/wp-content\/uploads\/2025\/08\/geschichte-vom-soldaten_thumb-300x169.jpg 300w\" sizes=\"auto, (max-width: 768px) 100vw, 768px\" \/><\/a>    \n    \t    <div class=\"inner\">\n\t    \n\t        <a href=\"https:\/\/www.reinhold-friedrich.de\/en\/die-geschichte-vom-soldaten\/\">\n\t            <h5 class=\"mb0\">DIE GESCHICHTE VOM SOLDATEN &#8211; Igor Strawinsky (1882\u20131971)<\/h5><span class=\"inline-block mb16\">4. August 2025<\/span>\t        <\/a>\n\t        \n\t        <hr>\n\t        \n\t        <p>Eine Koproduktion der Salzburger Festspiele mit dem Salzburger Marionettentheater Georg Baselitz, Marionetten und Ausstattung Matthias Bundschuh, Regie Dominique Horwitz, Sprecher Isabelle&#8230;<\/p>\n\t        \n\t        <a class=\"btn btn-sm\" href=\"https:\/\/www.reinhold-friedrich.de\/en\/die-geschichte-vom-soldaten\/\">Read More<\/a>\n\t        \n\t        \t        \n\t    <\/div>\n\t    \n<\/div>\t\t<\/div>\n\t\t\n\t\t<div class=\"row\">\n\t\t    \t\t<\/div>\n\t\t\n\t\t\t\t\n[\/vc_column][\/vc_row]\n","protected":false},"excerpt":{"rendered":"<p>[vc_row full_width=&#8221;stretch_row&#8221;][vc_column][\/vc_column][\/vc_row][vc_row foundry_padding=&#8221;pt64 pb64&#8243; css=&#8221;.vc_custom_1622567631262{border-bottom-width: 1px !important;background-image: url(https:\/\/www.reinhold-friedrich.de\/wp-content\/uploads\/2021\/06\/trompete-bg-2.jpg?id=240) !important;border-bottom-color: #453525 !important;border-bottom-style: solid !important;}&#8221;][vc_column width=&#8221;1\/3&#8243;][vc_column_text][\/vc_column_text][\/vc_column][vc_column width=&#8221;1\/6&#8243;][\/vc_column][vc_column width=&#8221;1\/2&#8243;][vc_column_text] Reinhold Friedrich is undoubtedly one&#8230;<\/p>\n","protected":false},"author":1,"featured_media":0,"parent":0,"menu_order":1,"comment_status":"closed","ping_status":"closed","template":"","meta":{"footnotes":""},"class_list":["post-854","page","type-page","status-publish","hentry"],"yoast_head":"<!-- This site is optimized with the Yoast SEO plugin v27.4 - https:\/\/yoast.com\/product\/yoast-seo-wordpress\/ -->\n<title>Welcome - Reinhold Friedrich<\/title>\n<meta name=\"description\" content=\"Reinhold Friedrich geh\u00f6rt zweifellos zu den K\u00fcnstlern, die spielen k\u00f6nnen was sie wollen: Es ist immer fantastisch, im h\u00f6chsten Ma\u00dfe veredelte Musik\" \/>\n<meta name=\"robots\" content=\"index, follow, max-snippet:-1, max-image-preview:large, max-video-preview:-1\" \/>\n<link rel=\"canonical\" href=\"https:\/\/www.reinhold-friedrich.de\/en\/\" \/>\n<meta property=\"og:locale\" content=\"en_US\" \/>\n<meta property=\"og:type\" content=\"article\" \/>\n<meta property=\"og:title\" content=\"Welcome - Reinhold Friedrich\" \/>\n<meta property=\"og:description\" content=\"Reinhold Friedrich geh\u00f6rt zweifellos zu den K\u00fcnstlern, die spielen k\u00f6nnen was sie wollen: Es ist immer fantastisch, im h\u00f6chsten Ma\u00dfe veredelte Musik\" \/>\n<meta property=\"og:url\" content=\"https:\/\/www.reinhold-friedrich.de\/en\/\" \/>\n<meta property=\"og:site_name\" content=\"Reinhold Friedrich\" \/>\n<meta property=\"article:modified_time\" content=\"2026-03-10T14:03:12+00:00\" \/>\n<meta property=\"og:image\" content=\"https:\/\/www.reinhold-friedrich.de\/wp-content\/uploads\/2026\/03\/Adios.png\" \/>\n<meta name=\"twitter:card\" content=\"summary_large_image\" \/>\n<meta name=\"twitter:label1\" content=\"Est. reading time\" \/>\n\t<meta name=\"twitter:data1\" content=\"3 minutes\" \/>\n<script type=\"application\/ld+json\" class=\"yoast-schema-graph\">{\"@context\":\"https:\\\/\\\/schema.org\",\"@graph\":[{\"@type\":\"WebPage\",\"@id\":\"https:\\\/\\\/www.reinhold-friedrich.de\\\/en\\\/\",\"url\":\"https:\\\/\\\/www.reinhold-friedrich.de\\\/en\\\/\",\"name\":\"Welcome - Reinhold Friedrich\",\"isPartOf\":{\"@id\":\"https:\\\/\\\/www.reinhold-friedrich.de\\\/en\\\/#website\"},\"primaryImageOfPage\":{\"@id\":\"https:\\\/\\\/www.reinhold-friedrich.de\\\/en\\\/#primaryimage\"},\"image\":{\"@id\":\"https:\\\/\\\/www.reinhold-friedrich.de\\\/en\\\/#primaryimage\"},\"thumbnailUrl\":\"https:\\\/\\\/www.reinhold-friedrich.de\\\/wp-content\\\/uploads\\\/2026\\\/03\\\/Adios.png\",\"datePublished\":\"2021-05-13T14:14:33+00:00\",\"dateModified\":\"2026-03-10T14:03:12+00:00\",\"description\":\"Reinhold Friedrich geh\u00f6rt zweifellos zu den K\u00fcnstlern, die spielen k\u00f6nnen was sie wollen: Es ist immer fantastisch, im h\u00f6chsten Ma\u00dfe veredelte Musik\",\"breadcrumb\":{\"@id\":\"https:\\\/\\\/www.reinhold-friedrich.de\\\/en\\\/#breadcrumb\"},\"inLanguage\":\"en-US\",\"potentialAction\":[{\"@type\":\"ReadAction\",\"target\":[\"https:\\\/\\\/www.reinhold-friedrich.de\\\/en\\\/\"]}]},{\"@type\":\"ImageObject\",\"inLanguage\":\"en-US\",\"@id\":\"https:\\\/\\\/www.reinhold-friedrich.de\\\/en\\\/#primaryimage\",\"url\":\"https:\\\/\\\/www.reinhold-friedrich.de\\\/wp-content\\\/uploads\\\/2026\\\/03\\\/Adios.png\",\"contentUrl\":\"https:\\\/\\\/www.reinhold-friedrich.de\\\/wp-content\\\/uploads\\\/2026\\\/03\\\/Adios.png\"},{\"@type\":\"BreadcrumbList\",\"@id\":\"https:\\\/\\\/www.reinhold-friedrich.de\\\/en\\\/#breadcrumb\",\"itemListElement\":[{\"@type\":\"ListItem\",\"position\":1,\"name\":\"Startseite\",\"item\":\"https:\\\/\\\/www.reinhold-friedrich.de\\\/en\\\/\"},{\"@type\":\"ListItem\",\"position\":2,\"name\":\"Welcome\"}]},{\"@type\":\"WebSite\",\"@id\":\"https:\\\/\\\/www.reinhold-friedrich.de\\\/en\\\/#website\",\"url\":\"https:\\\/\\\/www.reinhold-friedrich.de\\\/en\\\/\",\"name\":\"Reinhold Friedrich\",\"description\":\"\",\"potentialAction\":[{\"@type\":\"SearchAction\",\"target\":{\"@type\":\"EntryPoint\",\"urlTemplate\":\"https:\\\/\\\/www.reinhold-friedrich.de\\\/en\\\/?s={search_term_string}\"},\"query-input\":{\"@type\":\"PropertyValueSpecification\",\"valueRequired\":true,\"valueName\":\"search_term_string\"}}],\"inLanguage\":\"en-US\"}]}<\/script>\n<!-- \/ Yoast SEO plugin. -->","yoast_head_json":{"title":"Welcome - Reinhold Friedrich","description":"Reinhold Friedrich geh\u00f6rt zweifellos zu den K\u00fcnstlern, die spielen k\u00f6nnen was sie wollen: Es ist immer fantastisch, im h\u00f6chsten Ma\u00dfe veredelte Musik","robots":{"index":"index","follow":"follow","max-snippet":"max-snippet:-1","max-image-preview":"max-image-preview:large","max-video-preview":"max-video-preview:-1"},"canonical":"https:\/\/www.reinhold-friedrich.de\/en\/","og_locale":"en_US","og_type":"article","og_title":"Welcome - Reinhold Friedrich","og_description":"Reinhold Friedrich geh\u00f6rt zweifellos zu den K\u00fcnstlern, die spielen k\u00f6nnen was sie wollen: Es ist immer fantastisch, im h\u00f6chsten Ma\u00dfe veredelte Musik","og_url":"https:\/\/www.reinhold-friedrich.de\/en\/","og_site_name":"Reinhold Friedrich","article_modified_time":"2026-03-10T14:03:12+00:00","og_image":[{"url":"https:\/\/www.reinhold-friedrich.de\/wp-content\/uploads\/2026\/03\/Adios.png","type":"","width":"","height":""}],"twitter_card":"summary_large_image","twitter_misc":{"Est. reading time":"3 minutes"},"schema":{"@context":"https:\/\/schema.org","@graph":[{"@type":"WebPage","@id":"https:\/\/www.reinhold-friedrich.de\/en\/","url":"https:\/\/www.reinhold-friedrich.de\/en\/","name":"Welcome - Reinhold Friedrich","isPartOf":{"@id":"https:\/\/www.reinhold-friedrich.de\/en\/#website"},"primaryImageOfPage":{"@id":"https:\/\/www.reinhold-friedrich.de\/en\/#primaryimage"},"image":{"@id":"https:\/\/www.reinhold-friedrich.de\/en\/#primaryimage"},"thumbnailUrl":"https:\/\/www.reinhold-friedrich.de\/wp-content\/uploads\/2026\/03\/Adios.png","datePublished":"2021-05-13T14:14:33+00:00","dateModified":"2026-03-10T14:03:12+00:00","description":"Reinhold Friedrich geh\u00f6rt zweifellos zu den K\u00fcnstlern, die spielen k\u00f6nnen was sie wollen: Es ist immer fantastisch, im h\u00f6chsten Ma\u00dfe veredelte Musik","breadcrumb":{"@id":"https:\/\/www.reinhold-friedrich.de\/en\/#breadcrumb"},"inLanguage":"en-US","potentialAction":[{"@type":"ReadAction","target":["https:\/\/www.reinhold-friedrich.de\/en\/"]}]},{"@type":"ImageObject","inLanguage":"en-US","@id":"https:\/\/www.reinhold-friedrich.de\/en\/#primaryimage","url":"https:\/\/www.reinhold-friedrich.de\/wp-content\/uploads\/2026\/03\/Adios.png","contentUrl":"https:\/\/www.reinhold-friedrich.de\/wp-content\/uploads\/2026\/03\/Adios.png"},{"@type":"BreadcrumbList","@id":"https:\/\/www.reinhold-friedrich.de\/en\/#breadcrumb","itemListElement":[{"@type":"ListItem","position":1,"name":"Startseite","item":"https:\/\/www.reinhold-friedrich.de\/en\/"},{"@type":"ListItem","position":2,"name":"Welcome"}]},{"@type":"WebSite","@id":"https:\/\/www.reinhold-friedrich.de\/en\/#website","url":"https:\/\/www.reinhold-friedrich.de\/en\/","name":"Reinhold Friedrich","description":"","potentialAction":[{"@type":"SearchAction","target":{"@type":"EntryPoint","urlTemplate":"https:\/\/www.reinhold-friedrich.de\/en\/?s={search_term_string}"},"query-input":{"@type":"PropertyValueSpecification","valueRequired":true,"valueName":"search_term_string"}}],"inLanguage":"en-US"}]}},"_links":{"self":[{"href":"https:\/\/www.reinhold-friedrich.de\/en\/wp-json\/wp\/v2\/pages\/854","targetHints":{"allow":["GET"]}}],"collection":[{"href":"https:\/\/www.reinhold-friedrich.de\/en\/wp-json\/wp\/v2\/pages"}],"about":[{"href":"https:\/\/www.reinhold-friedrich.de\/en\/wp-json\/wp\/v2\/types\/page"}],"author":[{"embeddable":true,"href":"https:\/\/www.reinhold-friedrich.de\/en\/wp-json\/wp\/v2\/users\/1"}],"replies":[{"embeddable":true,"href":"https:\/\/www.reinhold-friedrich.de\/en\/wp-json\/wp\/v2\/comments?post=854"}],"version-history":[{"count":1,"href":"https:\/\/www.reinhold-friedrich.de\/en\/wp-json\/wp\/v2\/pages\/854\/revisions"}],"predecessor-version":[{"id":1820,"href":"https:\/\/www.reinhold-friedrich.de\/en\/wp-json\/wp\/v2\/pages\/854\/revisions\/1820"}],"wp:attachment":[{"href":"https:\/\/www.reinhold-friedrich.de\/en\/wp-json\/wp\/v2\/media?parent=854"}],"curies":[{"name":"wp","href":"https:\/\/api.w.org\/{rel}","templated":true}]}}