{"id":860,"date":"2021-05-13T16:14:33","date_gmt":"2021-05-13T14:14:33","guid":{"rendered":"https:\/\/www.reinhold-friedrich.de\/datenschutzerklaerung\/"},"modified":"2021-11-09T17:30:37","modified_gmt":"2021-11-09T16:30:37","slug":"privacy","status":"publish","type":"page","link":"https:\/\/www.reinhold-friedrich.de\/en\/privacy\/","title":{"rendered":"Privacy statement"},"content":{"rendered":"[vc_row][vc_column width=&#8221;3\/4&#8243;][vc_column_text]<em>Verantwortliche Stelle im Sinne der Datenschutzgesetze, insbesondere der EU-Datenschutzgrundverordnung (DSGVO), ist: <\/em><\/p>\n<h3>Reinhold Friedrich<\/h3>\n<p>Postanschrift:<br \/>\nDeutschherrenhaus 1,<br \/>\n75057 K\u00fcrnbach,<br \/>\nDeutschland<\/p>\n<p>E-Mail: <a href=\"mailto:reinhold.friedrich@web.de\">reinhold.friedrich@web.de <\/a><\/p>\n<h4>Ihre Betroffenenrechte<\/h4>\n<p>Unter den angegebenen Kontaktdaten unseres Datenschutzbeauftragten k\u00f6nnen Sie jederzeit folgende Rechte aus\u00fcben:<\/p>\n<ul>\n<li>Auskunft \u00fcber Ihre bei uns gespeicherten Daten und deren Verarbeitung,<\/li>\n<li>Berichtigung unrichtiger personenbezogener Daten,<\/li>\n<li>L\u00f6schung Ihrer bei uns gespeicherten Daten,<\/li>\n<li>Einschr\u00e4nkung der Datenverarbeitung, sofern wir Ihre Daten aufgrund gesetzlicher Pflichten noch nicht l\u00f6schen d\u00fcrfen,<\/li>\n<li>Widerspruch gegen die Verarbeitung Ihrer Daten bei uns und<\/li>\n<li>Daten\u00fcbertragbarkeit, sofern Sie in die Datenverarbeitung eingewilligt haben oder einen Vertrag mit uns abgeschlossen haben.<\/li>\n<\/ul>\n<p>Sofern Sie uns eine Einwilligung erteilt haben, k\u00f6nnen Sie diese jederzeit mit Wirkung f\u00fcr die Zukunft widerrufen.<\/p>\n<p>Sie k\u00f6nnen sich jederzeit mit einer Beschwerde an die f\u00fcr Sie zust\u00e4ndige Aufsichtsbeh\u00f6rde wenden. Ihre zust\u00e4ndige Aufsichtsbeh\u00f6rde richtet sich nach dem Bundesland Ihres Wohnsitzes, Ihrer Arbeit oder der mutma\u00dflichen Verletzung. Eine Liste der Aufsichtsbeh\u00f6rden (f\u00fcr den nicht\u00f6ffentlichen Bereich) mit Anschrift finden Sie unter: <a href=\"https:\/\/www.bfdi.bund.de\/DE\/Infothek\/Anschriften_Links\/anschriften_links-node.html\" target=\"_blank\" rel=\"noopener\">https:\/\/www.bfdi.bund.de\/DE\/Infothek\/Anschriften_Links\/anschriften_links-node.html<\/a>.<\/p>\n<h4>Zwecke der Datenverarbeitung durch die verantwortliche Stelle und Dritte<\/h4>\n<p>Wir verarbeiten Ihre personenbezogenen Daten nur zu den in dieser Datenschutzerkl\u00e4rung genannten Zwecken. Eine \u00dcbermittlung Ihrer pers\u00f6nlichen Daten an Dritte zu anderen als den genannten Zwecken findet nicht statt. Wir geben Ihre pers\u00f6nlichen Daten nur an Dritte weiter, wenn:<\/p>\n<ul>\n<li>Sie Ihre ausdr\u00fcckliche Einwilligung dazu erteilt haben,<\/li>\n<li>die Verarbeitung zur Abwicklung eines Vertrags mit Ihnen erforderlich ist,<\/li>\n<li>die Verarbeitung zur Erf\u00fcllung einer rechtlichen Verpflichtung erforderlich ist,<\/li>\n<li>die Verarbeitung zur Wahrung berechtigter Interessen erforderlich ist und kein Grund zur Annahme besteht, dass Sie ein \u00fcberwiegendes schutzw\u00fcrdiges Interesse an der Nichtweitergabe Ihrer Daten haben.<\/li>\n<\/ul>\n<h4>L\u00f6schung bzw. Sperrung der Daten<\/h4>\n<p>Wir halten uns an die Grunds\u00e4tze der Datenvermeidung und Datensparsamkeit. Wir speichern Ihre personenbezogenen Daten daher nur so lange, wie dies zur Erreichung der hier genannten Zwecke erforderlich ist oder wie es die vom Gesetzgeber vorgesehenen vielf\u00e4ltigen Speicherfristen vorsehen. Nach Fortfall des jeweiligen Zweckes bzw. Ablauf dieser Fristen werden die entsprechenden Daten routinem\u00e4\u00dfig und entsprechend den gesetzlichen Vorschriften gesperrt oder gel\u00f6scht.<\/p>\n<h4>Erfassung allgemeiner Informationen beim Besuch unserer Website<\/h4>\n<p>Wenn Sie auf unsere Website zugreifen, werden automatisch mittels eines Cookies Informationen allgemeiner Natur erfasst. Diese Informationen (Server-Logfiles) beinhalten etwa die Art des Webbrowsers, das verwendete Betriebssystem, den Domainnamen Ihres Internet-Service-Providers und \u00e4hnliches. Hierbei handelt es sich ausschlie\u00dflich um Informationen, welche keine R\u00fcckschl\u00fcsse auf Ihre Person zulassen.<\/p>\n<p>Diese Informationen sind technisch notwendig, um von Ihnen angeforderte Inhalte von Webseiten korrekt auszuliefern und fallen bei Nutzung des Internets zwingend an. Sie werden insbesondere zu folgenden Zwecken verarbeitet:<\/p>\n<ul>\n<li>Sicherstellung eines problemlosen Verbindungsaufbaus der Website,<\/li>\n<li>Sicherstellung einer reibungslosen Nutzung unserer Website,<\/li>\n<li>Auswertung der Systemsicherheit und -stabilit\u00e4t sowie<\/li>\n<li>zu weiteren administrativen Zwecken.<\/li>\n<\/ul>\n<p>Die Verarbeitung Ihrer personenbezogenen Daten basiert auf unserem berechtigten Interesse aus den vorgenannten Zwecken zur Datenerhebung. Wir verwenden Ihre Daten nicht, um R\u00fcckschl\u00fcsse auf Ihre Person zu ziehen. Empf\u00e4nger der Daten sind nur die verantwortliche Stelle und ggf. Auftragsverarbeiter.<\/p>\n<p>Anonyme Informationen dieser Art werden von uns ggfs. statistisch ausgewertet, um unseren Internetauftritt und die dahinterstehende Technik zu optimieren.<\/p>\n<h4>Kontaktformular<\/h4>\n<p>Treten Sie bzgl. Fragen jeglicher Art per E-Mail oder Kontaktformular mit uns in Kontakt, erteilen Sie uns zum Zwecke der Kontaktaufnahme Ihre freiwillige Einwilligung. Hierf\u00fcr ist die Angabe einer validen E-Mail-Adresse erforderlich. Diese dient der Zuordnung der Anfrage und der anschlie\u00dfenden Beantwortung derselben. Die Angabe weiterer Daten ist optional. Die von Ihnen gemachten Angaben werden zum Zwecke der Bearbeitung der Anfrage sowie f\u00fcr m\u00f6gliche Anschlussfragen gespeichert. Nach Erledigung der von Ihnen gestellten Anfrage werden personenbezogene Daten automatisch gel\u00f6scht.<\/p>\n<h4>Verwendung von Scriptbibliotheken (Google Webfonts)<\/h4>\n<p>Um unsere Inhalte browser\u00fcbergreifend korrekt und grafisch ansprechend darzustellen, verwenden wir auf dieser Website Scriptbibliotheken und Schriftbibliotheken wie z. B. Google Webfonts (https:\/\/www.google.com\/webfonts\/). Google Webfonts werden zur Vermeidung mehrfachen Ladens in den Cache Ihres Browsers \u00fcbertragen. Falls der Browser die Google Webfonts nicht unterst\u00fctzt oder den Zugriff unterbindet, werden Inhalte in einer Standardschrift angezeigt.<\/p>\n<p>Der Aufruf von Scriptbibliotheken oder Schriftbibliotheken l\u00f6st automatisch eine Verbindung zum Betreiber der Bibliothek aus. Dabei ist es theoretisch m\u00f6glich \u2013 aktuell allerdings auch unklar ob und ggf. zu welchen Zwecken \u2013 dass Betreiber entsprechender Bibliotheken Daten erheben.<\/p>\n<p>Die Datenschutzrichtlinie des Bibliothekbetreibers Google finden Sie hier: <a href=\"https:\/\/www.google.com\/policies\/privacy\/\" target=\"_blank\" rel=\"noopener\">https:\/\/www.google.com\/policies\/privacy\/<\/a><\/p>\n<h4>Youtube<\/h4>\n<p>Auf unserer Webseite wird ein Webservice des Unternehmens Google Ireland Limited, Gordon House, Barrow Street, 4 Dublin, Irland (nachfolgend: Youtube) nachgeladen. Wir nutzen diese Daten, um die volle Funktionalit\u00e4t unserer Webseite zu gew\u00e4hrleisten. In diesem Zusammenhang wird Ihr Browser ggf. personenbezogene Daten an Youtube \u00fcbermitteln. Rechtsgrundlage f\u00fcr die Datenverarbeitung ist Art. 6 Abs. 1 lit. f DSGVO. Das berechtigte Interesse besteht in einer fehlerfreien Funktion der Internetseite. Die L\u00f6schung der Daten erfolgt, sobald der Zweck ihrer Erhebung erf\u00fcllt wurde. Weitere Informationen zum Handling der \u00fcbertragenen Daten finden Sie in der Datenschutzerkl\u00e4rung von Youtube: <a href=\"https:\/\/policies.google.com\/privacy\">https:\/\/policies.google.com\/privacy<\/a><\/p>\n<p>Sie k\u00f6nnen die Erfassung sowie die Verarbeitung Ihrer Daten durch Youtube verhindern, indem Sie die Ausf\u00fchrung von Script-Code in Ihrem Browser deaktivieren oder einen Script-Blocker in Ihrem Browser installieren (diesen finden Sie z.B. unter <a href=\"http:\/\/www.noscript.net\">www.noscript.net<\/a> oder <a href=\"http:\/\/www.ghostery.com\">www.ghostery.com<\/a>).<\/p>\n<h4>\u00c4nderung unserer Datenschutzbestimmungen<\/h4>\n<p>Wir behalten uns vor, diese Datenschutzerkl\u00e4rung anzupassen, damit sie stets den aktuellen rechtlichen Anforderungen entspricht oder um \u00c4nderungen unserer Leistungen in der Datenschutzerkl\u00e4rung umzusetzen, z.B. bei der Einf\u00fchrung neuer Services. F\u00fcr Ihren erneuten Besuch gilt dann die neue Datenschutzerkl\u00e4rung.<\/p>\n<h4>Fragen an den Datenschutzbeauftragten<\/h4>\n<p>Wenn Sie Fragen zum Datenschutz haben, schreiben Sie uns bitte eine E-Mail oder wenden Sie sich direkt an die f\u00fcr den Datenschutz verantwortliche Person in unserer Organisation:<\/p>\n<p><em>Die Datenschutzerkl\u00e4rung wurde mit dem Datenschutzerkl\u00e4rungs-Generator der activeMind AG erstellt.<\/em>[\/vc_column_text][\/vc_column][vc_column width=&#8221;1\/4&#8243;][\/vc_column][\/vc_row]\n","protected":false},"excerpt":{"rendered":"<p>[vc_row][vc_column width=&#8221;3\/4&#8243;][vc_column_text]Verantwortliche Stelle im Sinne der Datenschutzgesetze, insbesondere der EU-Datenschutzgrundverordnung (DSGVO), ist: Reinhold Friedrich Postanschrift: Deutschherrenhaus 1, 75057 K\u00fcrnbach, Deutschland E-Mail:&#8230;<\/p>\n","protected":false},"author":1,"featured_media":740,"parent":0,"menu_order":92,"comment_status":"closed","ping_status":"closed","template":"","meta":{"footnotes":""},"class_list":["post-860","page","type-page","status-publish","has-post-thumbnail","hentry"],"yoast_head":"<!-- This site is optimized with the Yoast SEO plugin v27.4 - https:\/\/yoast.com\/product\/yoast-seo-wordpress\/ -->\n<title>Privacy statement - Reinhold Friedrich<\/title>\n<meta name=\"robots\" content=\"index, follow, max-snippet:-1, max-image-preview:large, max-video-preview:-1\" \/>\n<link rel=\"canonical\" href=\"https:\/\/www.reinhold-friedrich.de\/en\/privacy\/\" \/>\n<meta property=\"og:locale\" content=\"en_US\" \/>\n<meta property=\"og:type\" content=\"article\" \/>\n<meta property=\"og:title\" content=\"Privacy statement - Reinhold Friedrich\" \/>\n<meta property=\"og:description\" content=\"[vc_row][vc_column width=&#8221;3\/4&#8243;][vc_column_text]Verantwortliche Stelle im Sinne der Datenschutzgesetze, insbesondere der EU-Datenschutzgrundverordnung (DSGVO), ist: Reinhold Friedrich Postanschrift: Deutschherrenhaus 1, 75057 K\u00fcrnbach, Deutschland E-Mail:...\" \/>\n<meta property=\"og:url\" content=\"https:\/\/www.reinhold-friedrich.de\/en\/privacy\/\" \/>\n<meta property=\"og:site_name\" content=\"Reinhold Friedrich\" \/>\n<meta property=\"article:modified_time\" content=\"2021-11-09T16:30:37+00:00\" \/>\n<meta property=\"og:image\" content=\"https:\/\/www.reinhold-friedrich.de\/wp-content\/uploads\/2021\/06\/trompete-bg-2.jpg\" \/>\n\t<meta property=\"og:image:width\" content=\"1920\" \/>\n\t<meta property=\"og:image:height\" content=\"800\" \/>\n\t<meta property=\"og:image:type\" content=\"image\/jpeg\" \/>\n<meta name=\"twitter:card\" content=\"summary_large_image\" \/>\n<meta name=\"twitter:label1\" content=\"Est. reading time\" \/>\n\t<meta name=\"twitter:data1\" content=\"5 minutes\" \/>\n<script type=\"application\/ld+json\" class=\"yoast-schema-graph\">{\"@context\":\"https:\\\/\\\/schema.org\",\"@graph\":[{\"@type\":\"WebPage\",\"@id\":\"https:\\\/\\\/www.reinhold-friedrich.de\\\/en\\\/privacy\\\/\",\"url\":\"https:\\\/\\\/www.reinhold-friedrich.de\\\/en\\\/privacy\\\/\",\"name\":\"Privacy statement - Reinhold Friedrich\",\"isPartOf\":{\"@id\":\"https:\\\/\\\/www.reinhold-friedrich.de\\\/en\\\/#website\"},\"primaryImageOfPage\":{\"@id\":\"https:\\\/\\\/www.reinhold-friedrich.de\\\/en\\\/privacy\\\/#primaryimage\"},\"image\":{\"@id\":\"https:\\\/\\\/www.reinhold-friedrich.de\\\/en\\\/privacy\\\/#primaryimage\"},\"thumbnailUrl\":\"https:\\\/\\\/www.reinhold-friedrich.de\\\/wp-content\\\/uploads\\\/2021\\\/06\\\/trompete-bg-2.jpg\",\"datePublished\":\"2021-05-13T14:14:33+00:00\",\"dateModified\":\"2021-11-09T16:30:37+00:00\",\"breadcrumb\":{\"@id\":\"https:\\\/\\\/www.reinhold-friedrich.de\\\/en\\\/privacy\\\/#breadcrumb\"},\"inLanguage\":\"en-US\",\"potentialAction\":[{\"@type\":\"ReadAction\",\"target\":[\"https:\\\/\\\/www.reinhold-friedrich.de\\\/en\\\/privacy\\\/\"]}]},{\"@type\":\"ImageObject\",\"inLanguage\":\"en-US\",\"@id\":\"https:\\\/\\\/www.reinhold-friedrich.de\\\/en\\\/privacy\\\/#primaryimage\",\"url\":\"https:\\\/\\\/www.reinhold-friedrich.de\\\/wp-content\\\/uploads\\\/2021\\\/06\\\/trompete-bg-2.jpg\",\"contentUrl\":\"https:\\\/\\\/www.reinhold-friedrich.de\\\/wp-content\\\/uploads\\\/2021\\\/06\\\/trompete-bg-2.jpg\",\"width\":1920,\"height\":800},{\"@type\":\"BreadcrumbList\",\"@id\":\"https:\\\/\\\/www.reinhold-friedrich.de\\\/en\\\/privacy\\\/#breadcrumb\",\"itemListElement\":[{\"@type\":\"ListItem\",\"position\":1,\"name\":\"Startseite\",\"item\":\"https:\\\/\\\/www.reinhold-friedrich.de\\\/en\\\/\"},{\"@type\":\"ListItem\",\"position\":2,\"name\":\"Privacy statement\"}]},{\"@type\":\"WebSite\",\"@id\":\"https:\\\/\\\/www.reinhold-friedrich.de\\\/en\\\/#website\",\"url\":\"https:\\\/\\\/www.reinhold-friedrich.de\\\/en\\\/\",\"name\":\"Reinhold Friedrich\",\"description\":\"\",\"potentialAction\":[{\"@type\":\"SearchAction\",\"target\":{\"@type\":\"EntryPoint\",\"urlTemplate\":\"https:\\\/\\\/www.reinhold-friedrich.de\\\/en\\\/?s={search_term_string}\"},\"query-input\":{\"@type\":\"PropertyValueSpecification\",\"valueRequired\":true,\"valueName\":\"search_term_string\"}}],\"inLanguage\":\"en-US\"}]}<\/script>\n<!-- \/ Yoast SEO plugin. -->","yoast_head_json":{"title":"Privacy statement - Reinhold Friedrich","robots":{"index":"index","follow":"follow","max-snippet":"max-snippet:-1","max-image-preview":"max-image-preview:large","max-video-preview":"max-video-preview:-1"},"canonical":"https:\/\/www.reinhold-friedrich.de\/en\/privacy\/","og_locale":"en_US","og_type":"article","og_title":"Privacy statement - Reinhold Friedrich","og_description":"[vc_row][vc_column width=&#8221;3\/4&#8243;][vc_column_text]Verantwortliche Stelle im Sinne der Datenschutzgesetze, insbesondere der EU-Datenschutzgrundverordnung (DSGVO), ist: Reinhold Friedrich Postanschrift: Deutschherrenhaus 1, 75057 K\u00fcrnbach, Deutschland E-Mail:...","og_url":"https:\/\/www.reinhold-friedrich.de\/en\/privacy\/","og_site_name":"Reinhold Friedrich","article_modified_time":"2021-11-09T16:30:37+00:00","og_image":[{"width":1920,"height":800,"url":"https:\/\/www.reinhold-friedrich.de\/wp-content\/uploads\/2021\/06\/trompete-bg-2.jpg","type":"image\/jpeg"}],"twitter_card":"summary_large_image","twitter_misc":{"Est. reading time":"5 minutes"},"schema":{"@context":"https:\/\/schema.org","@graph":[{"@type":"WebPage","@id":"https:\/\/www.reinhold-friedrich.de\/en\/privacy\/","url":"https:\/\/www.reinhold-friedrich.de\/en\/privacy\/","name":"Privacy statement - Reinhold Friedrich","isPartOf":{"@id":"https:\/\/www.reinhold-friedrich.de\/en\/#website"},"primaryImageOfPage":{"@id":"https:\/\/www.reinhold-friedrich.de\/en\/privacy\/#primaryimage"},"image":{"@id":"https:\/\/www.reinhold-friedrich.de\/en\/privacy\/#primaryimage"},"thumbnailUrl":"https:\/\/www.reinhold-friedrich.de\/wp-content\/uploads\/2021\/06\/trompete-bg-2.jpg","datePublished":"2021-05-13T14:14:33+00:00","dateModified":"2021-11-09T16:30:37+00:00","breadcrumb":{"@id":"https:\/\/www.reinhold-friedrich.de\/en\/privacy\/#breadcrumb"},"inLanguage":"en-US","potentialAction":[{"@type":"ReadAction","target":["https:\/\/www.reinhold-friedrich.de\/en\/privacy\/"]}]},{"@type":"ImageObject","inLanguage":"en-US","@id":"https:\/\/www.reinhold-friedrich.de\/en\/privacy\/#primaryimage","url":"https:\/\/www.reinhold-friedrich.de\/wp-content\/uploads\/2021\/06\/trompete-bg-2.jpg","contentUrl":"https:\/\/www.reinhold-friedrich.de\/wp-content\/uploads\/2021\/06\/trompete-bg-2.jpg","width":1920,"height":800},{"@type":"BreadcrumbList","@id":"https:\/\/www.reinhold-friedrich.de\/en\/privacy\/#breadcrumb","itemListElement":[{"@type":"ListItem","position":1,"name":"Startseite","item":"https:\/\/www.reinhold-friedrich.de\/en\/"},{"@type":"ListItem","position":2,"name":"Privacy statement"}]},{"@type":"WebSite","@id":"https:\/\/www.reinhold-friedrich.de\/en\/#website","url":"https:\/\/www.reinhold-friedrich.de\/en\/","name":"Reinhold Friedrich","description":"","potentialAction":[{"@type":"SearchAction","target":{"@type":"EntryPoint","urlTemplate":"https:\/\/www.reinhold-friedrich.de\/en\/?s={search_term_string}"},"query-input":{"@type":"PropertyValueSpecification","valueRequired":true,"valueName":"search_term_string"}}],"inLanguage":"en-US"}]}},"_links":{"self":[{"href":"https:\/\/www.reinhold-friedrich.de\/en\/wp-json\/wp\/v2\/pages\/860","targetHints":{"allow":["GET"]}}],"collection":[{"href":"https:\/\/www.reinhold-friedrich.de\/en\/wp-json\/wp\/v2\/pages"}],"about":[{"href":"https:\/\/www.reinhold-friedrich.de\/en\/wp-json\/wp\/v2\/types\/page"}],"author":[{"embeddable":true,"href":"https:\/\/www.reinhold-friedrich.de\/en\/wp-json\/wp\/v2\/users\/1"}],"replies":[{"embeddable":true,"href":"https:\/\/www.reinhold-friedrich.de\/en\/wp-json\/wp\/v2\/comments?post=860"}],"version-history":[{"count":0,"href":"https:\/\/www.reinhold-friedrich.de\/en\/wp-json\/wp\/v2\/pages\/860\/revisions"}],"wp:featuredmedia":[{"embeddable":true,"href":"https:\/\/www.reinhold-friedrich.de\/en\/wp-json\/wp\/v2\/media\/740"}],"wp:attachment":[{"href":"https:\/\/www.reinhold-friedrich.de\/en\/wp-json\/wp\/v2\/media?parent=860"}],"curies":[{"name":"wp","href":"https:\/\/api.w.org\/{rel}","templated":true}]}}